{"id":2841,"date":"2024-12-10T18:54:42","date_gmt":"2024-12-10T21:54:42","guid":{"rendered":"https:\/\/jubroxadocakes.com.br\/?post_type=product&#038;p=2841"},"modified":"2026-04-28T16:57:26","modified_gmt":"2026-04-28T19:57:26","slug":"torta-mousse-pistalache","status":"publish","type":"product","link":"https:\/\/jubroxadocakes.com.br\/index.php\/product\/torta-mousse-pistalache\/","title":{"rendered":"Torta Mousse Pistalache"},"content":{"rendered":"<p><strong>Informa\u00e7\u00f5es Importantes:<\/strong><\/p>\n<ul>\n<li>Retiradas na loja de ter\u00e7a a sexta 11h \u00e0s 17:30h. S\u00e1bados de 11h \u00e0s 15:30h. N\u00c3O FUNCIONAMOS EM DOMINGOS e FERIADOS.<\/li>\n<li>Para pagamentos por Pix, envie o comprovante para o Whatsapp 21 98356-3866 juntamente com o n\u00famero do pedido.<\/li>\n<li>Para pagamento no cart\u00e3o de cr\u00e9dito, entre em contato com nossa equipe ap\u00f3s gerar o pedido pelo site.<\/li>\n<li>Para entregas, verifique com a equipe de atendimento no Whatsapp 21 98356-3866 taxa e disponibilidade.<\/li>\n<li>Qualquer d\u00favida, entre em contato conosco atrav\u00e9s do nosso Canal de Atendimento: WhatsApp 21 98356-3866 de segunda a sexta de 10h \u00e0s 17:30h<\/li>\n<\/ul>\n","protected":false},"excerpt":{"rendered":"<p>Incr\u00edvel torta mousse com base de biscoito , camadas de brigadeiro de pistache, mousse de chocolate, e ganache de chocolate para finalizar. Decorada com pedacinhos de pistache<\/p>\n<p>Tamanho \u00fanico<\/p>\n<p>20 cm &#8211; rendimento m\u00e9dio 12 fatias<\/p>\n","protected":false},"featured_media":2869,"comment_status":"open","ping_status":"closed","template":"","meta":[],"_links":{"self":[{"href":"https:\/\/jubroxadocakes.com.br\/index.php\/wp-json\/wp\/v2\/product\/2841"}],"collection":[{"href":"https:\/\/jubroxadocakes.com.br\/index.php\/wp-json\/wp\/v2\/product"}],"about":[{"href":"https:\/\/jubroxadocakes.com.br\/index.php\/wp-json\/wp\/v2\/types\/product"}],"replies":[{"embeddable":true,"href":"https:\/\/jubroxadocakes.com.br\/index.php\/wp-json\/wp\/v2\/comments?post=2841"}],"wp:featuredmedia":[{"embeddable":true,"href":"https:\/\/jubroxadocakes.com.br\/index.php\/wp-json\/wp\/v2\/media\/2869"}],"wp:attachment":[{"href":"https:\/\/jubroxadocakes.com.br\/index.php\/wp-json\/wp\/v2\/media?parent=2841"}],"curies":[{"name":"wp","href":"https:\/\/api.w.org\/{rel}","templated":true}]}}