{"id":2771,"date":"2024-04-29T21:28:07","date_gmt":"2024-04-30T00:28:07","guid":{"rendered":"https:\/\/jubroxadocakes.com.br\/?post_type=product&#038;p=2771"},"modified":"2026-04-14T16:42:16","modified_gmt":"2026-04-14T19:42:16","slug":"mini-naked","status":"publish","type":"product","link":"https:\/\/jubroxadocakes.com.br\/index.php\/product\/mini-naked\/","title":{"rendered":"Mini Naked"},"content":{"rendered":"<p><strong>**Aten\u00e7\u00e3o \u2013 Informa\u00e7\u00f5es Importantes**<\/strong><\/p>\n<ul>\n<li>S\u00f3 ser\u00e3o aceitos pedidos com 3 dias de anteced\u00eancia da retirada\/entrega. Caso precise ser atendimento em prazo menor, fa\u00e7a seu pedido* diretamente pelo WhatsApp 21 98356-3866. *Sujeito a disponibilidade de vagas.<\/li>\n<li>Retiradas na loja de ter\u00e7a a sexta 11h \u00e0s 17:30h. S\u00e1bados de 11h \u00e0s 15:30h. N\u00c3O FUNCIONAMOS EM DOMINGOS e FERIADOS.<\/li>\n<li>Para pagamentos por Pix, envie o comprovante para o Whatsapp 21 98356-3866 juntamente com o n\u00famero do pedido.<\/li>\n<li>Para pagamento no cart\u00e3o de cr\u00e9dito, entre em contato com nossa equipe ap\u00f3s gerar o pedido pelo site.<\/li>\n<li>Para entregas, verifique com a equipe de atendimento no Whatsapp 21 98356-3866 taxa e disponibilidade.<\/li>\n<li>Qualquer d\u00favida, entre em contato conosco atrav\u00e9s do nosso Canal de Atendimento: WhatsApp 21 98356-3866 de segunda a sexta de 10h \u00e0s 17:30h<\/li>\n<\/ul>\n","protected":false},"excerpt":{"rendered":"<p>Mini Naked 9 fatias, composto por 3 camadas de massa, 2 camadas de recheio e cobertura.<\/p>\n<p>Sabores:<\/p>\n<ul>\n<li>Todo de Chocolate: massa cacau belga, recheio e cobertura de brigadeiro da casa 50%. Decorado com 3 brigadeiros boleados da casa<\/li>\n<li>3 Amores: massa branca, recheio de brigadeiro da casa 50% e brigadeiro branco, cobertura de doce de leite. Decorado com 3 brigadeiros da casa 50%.<\/li>\n<li>2 Amores: massa brnaca, recheio de brigadeiro da casa 50% e brigadeiro branco, cobertura de brigadeiro da casa. Decorado com 3 brigadeiros da casa 50%<\/li>\n<\/ul>\n<p>A cor da fita pode variar conforme disponibilidade<\/p>\n","protected":false},"featured_media":2773,"comment_status":"open","ping_status":"closed","template":"","meta":[],"_links":{"self":[{"href":"https:\/\/jubroxadocakes.com.br\/index.php\/wp-json\/wp\/v2\/product\/2771"}],"collection":[{"href":"https:\/\/jubroxadocakes.com.br\/index.php\/wp-json\/wp\/v2\/product"}],"about":[{"href":"https:\/\/jubroxadocakes.com.br\/index.php\/wp-json\/wp\/v2\/types\/product"}],"replies":[{"embeddable":true,"href":"https:\/\/jubroxadocakes.com.br\/index.php\/wp-json\/wp\/v2\/comments?post=2771"}],"wp:featuredmedia":[{"embeddable":true,"href":"https:\/\/jubroxadocakes.com.br\/index.php\/wp-json\/wp\/v2\/media\/2773"}],"wp:attachment":[{"href":"https:\/\/jubroxadocakes.com.br\/index.php\/wp-json\/wp\/v2\/media?parent=2771"}],"curies":[{"name":"wp","href":"https:\/\/api.w.org\/{rel}","templated":true}]}}