{"id":2415,"date":"2023-05-28T16:47:09","date_gmt":"2023-05-28T19:47:09","guid":{"rendered":"http:\/\/jubroxadocakes.com.br\/?post_type=product&#038;p=2415"},"modified":"2026-03-23T21:24:56","modified_gmt":"2026-03-24T00:24:56","slug":"bolo-naked-cake-ninho-nutella","status":"publish","type":"product","link":"https:\/\/jubroxadocakes.com.br\/index.php\/product\/bolo-naked-cake-ninho-nutella\/","title":{"rendered":"Bolo Naked Cake Ninho &#038; Nutella"},"content":{"rendered":"<p>A cor do la\u00e7o pode variar conforme disponibilidade.<\/p>\n<p><strong>**Aten\u00e7\u00e3o \u2013 Informa\u00e7\u00f5es Importantes**<\/strong><\/p>\n<ul>\n<li>S\u00f3 ser\u00e3o aceitos pedidos com 3 dias de anteced\u00eancia da retirada\/entrega. Caso precise ser atendimento em prazo menor, fa\u00e7a seu pedido* diretamente pelo WhatsApp 21 98356-3866. *Sujeito a disponibilidade de vagas.<\/li>\n<li>Retiradas na loja de ter\u00e7a a sexta 11h \u00e0s 17:30h. S\u00e1bados de 11h \u00e0s 15:30h. N\u00c3O FUNCIONAMOS EM DOMINGOS e FERIADOS.<\/li>\n<li>Entregas ser\u00e3o realizadas de acordo com a rota. N\u00c3O agendamos hor\u00e1rio.<\/li>\n<li>Entregas em pr\u00e9dios \/ condom\u00ednios ser\u00e3o feitas da portaria. Caso n\u00e3o tenha local onde o entregador parar, o pedido deve ser retirado diretamente do carro.<\/li>\n<li>No momento do fechamento do pedido, caso n\u00e3o disponibilize entrega para o endere\u00e7o informado, entre em contato conosco pelo Whatsapp para verificar disponibilidade de entrega.<\/li>\n<li>Qualquer d\u00favida, entre em contato conosco atrav\u00e9s do nosso Canal de Atendimento: WhatsApp 21 98356-3866 de segunda a sexta de 10h \u00e0s 17:30h<\/li>\n<\/ul>\n","protected":false},"excerpt":{"rendered":"<p>Bolo Naked Cake envolto no acetato, com 4 camadas de massa de massa branca , 3 camadas de recheios de brigadeiro de Ninho, sendo que duas delas com Nutella pura. Decorado com brigadeiros boleados Ninho &amp; Nutella.<\/p>\n","protected":false},"featured_media":2363,"comment_status":"open","ping_status":"closed","template":"","meta":[],"_links":{"self":[{"href":"https:\/\/jubroxadocakes.com.br\/index.php\/wp-json\/wp\/v2\/product\/2415"}],"collection":[{"href":"https:\/\/jubroxadocakes.com.br\/index.php\/wp-json\/wp\/v2\/product"}],"about":[{"href":"https:\/\/jubroxadocakes.com.br\/index.php\/wp-json\/wp\/v2\/types\/product"}],"replies":[{"embeddable":true,"href":"https:\/\/jubroxadocakes.com.br\/index.php\/wp-json\/wp\/v2\/comments?post=2415"}],"wp:featuredmedia":[{"embeddable":true,"href":"https:\/\/jubroxadocakes.com.br\/index.php\/wp-json\/wp\/v2\/media\/2363"}],"wp:attachment":[{"href":"https:\/\/jubroxadocakes.com.br\/index.php\/wp-json\/wp\/v2\/media?parent=2415"}],"curies":[{"name":"wp","href":"https:\/\/api.w.org\/{rel}","templated":true}]}}