{"id":2092,"date":"2022-05-22T17:53:17","date_gmt":"2022-05-22T20:53:17","guid":{"rendered":"http:\/\/jubroxadocakes.com.br\/?post_type=product&#038;p=2092"},"modified":"2025-04-10T20:16:11","modified_gmt":"2025-04-10T23:16:11","slug":"bolo-naked-cake-brigadeiro-branco-e-doce-de-leite","status":"publish","type":"product","link":"https:\/\/jubroxadocakes.com.br\/index.php\/product\/bolo-naked-cake-brigadeiro-branco-e-doce-de-leite\/","title":{"rendered":"Bolo Naked Cake  Brigadeiro Branco e doce de leite"},"content":{"rendered":"<p><strong>**Aten\u00e7\u00e3o &#8211; Informa\u00e7\u00f5es Importantes**<\/strong><\/p>\n<p>S\u00f3 ser\u00e3o aceitos pedidos com 3 dias de anteced\u00eancia da retirada\/entrega. Caso precise ser atendimento em prazo menor, fa\u00e7a seu pedido* diretamente pelo Whatsapp 21 98356-3866. *Sujeito a disponibilidade de vagas.<\/p>\n<ul>\n<li>Retiradas na loja de ter\u00e7a a sexta 11h \u00e0s 17:30h. S\u00e1bados de 11h \u00e0s 15:30h. N\u00c3O FUNCIONAMOS EM DOMINGOS e FERIADOS.<\/li>\n<li>Para pagamentos por Pix, envie o comprovante para o Whatsapp 21 98356-3866 juntamente com o n\u00famero do pedido.<\/li>\n<li>Para pagamento no cart\u00e3o de cr\u00e9dito, entre em contato com nossa equipe ap\u00f3s gerar o pedido pelo site.<\/li>\n<li>Para entregas, verifique com a equipe de atendimento no Whatsapp 21 98356-3866 taxa e disponibilidade.<\/li>\n<li>Qualquer d\u00favida, entre em contato conosco atrav\u00e9s do nosso Canal de Atendimento: WhatsApp 21 98356-3866 de segunda a sexta de 10h \u00e0s 17:30h<\/li>\n<\/ul>\n","protected":false},"excerpt":{"rendered":"<p>Naked Cake com massa branca leve e molhadinha, recheado com duas camadas de\u00a0 brigadeiro branco e uma de doce de leite.<\/p>\n<p>* a cor do la\u00e7o pode variar conforme disponibilidade<\/p>\n","protected":false},"featured_media":2095,"comment_status":"open","ping_status":"closed","template":"","meta":[],"_links":{"self":[{"href":"https:\/\/jubroxadocakes.com.br\/index.php\/wp-json\/wp\/v2\/product\/2092"}],"collection":[{"href":"https:\/\/jubroxadocakes.com.br\/index.php\/wp-json\/wp\/v2\/product"}],"about":[{"href":"https:\/\/jubroxadocakes.com.br\/index.php\/wp-json\/wp\/v2\/types\/product"}],"replies":[{"embeddable":true,"href":"https:\/\/jubroxadocakes.com.br\/index.php\/wp-json\/wp\/v2\/comments?post=2092"}],"wp:featuredmedia":[{"embeddable":true,"href":"https:\/\/jubroxadocakes.com.br\/index.php\/wp-json\/wp\/v2\/media\/2095"}],"wp:attachment":[{"href":"https:\/\/jubroxadocakes.com.br\/index.php\/wp-json\/wp\/v2\/media?parent=2092"}],"curies":[{"name":"wp","href":"https:\/\/api.w.org\/{rel}","templated":true}]}}