{"id":1687,"date":"2021-12-05T22:20:35","date_gmt":"2021-12-06T01:20:35","guid":{"rendered":"http:\/\/jubroxadocakes.com.br\/?post_type=product&#038;p=1687"},"modified":"2025-04-11T20:14:10","modified_gmt":"2025-04-11T23:14:10","slug":"torta-mousse-de-ninho","status":"publish","type":"product","link":"https:\/\/jubroxadocakes.com.br\/index.php\/product\/torta-mousse-de-ninho\/","title":{"rendered":"Torta Mousse de Ninho &#038; Morango"},"content":{"rendered":"<p>Rendimento m\u00e9dio 12 fatias ( 20 cm de\u00a0 di\u00e2metro )<\/p>\n<p>Acompanha calda de morango 200ml<\/p>\n<p>Armazenar em geladeira. Validade 8 dias<\/p>\n<p><strong>**Aten\u00e7\u00e3o &#8211; Informa\u00e7\u00f5es Importantes**<\/strong><\/p>\n<ul>\n<li>S\u00f3 ser\u00e3o aceitos pedidos com 3 dias de anteced\u00eancia da retirada\/entrega. Caso precise ser atendimento em prazo menor, fa\u00e7a seu pedido* diretamente pelo Whatsapp 21 98356-3866. *Sujeito a disponibilidade de vagas.<\/li>\n<li>Retiradas na loja de ter\u00e7a a sexta 11h \u00e0s 17:30h. S\u00e1bados de 11h \u00e0s 15:30h. N\u00c3O FUNCIONAMOS EM DOMINGOS e FERIADOS.<\/li>\n<li>Entregas ser\u00e3o realizadas de acordo com a rota. N\u00c3O agendamos hor\u00e1rio.<\/li>\n<li>Entregas em pr\u00e9dios \/ condom\u00ednios ser\u00e3o feitas da portaria. Caso n\u00e3o tenha local onde o entregador parar, o pedido deve ser retirado diretamente do carro.<\/li>\n<li>No momento do fechamento do pedido, caso n\u00e3o disponibilize entrega para o endere\u00e7o informado, entre em contato conosco pelo Whatsapp para verificar disponibilidade de entrega.<\/li>\n<li>Qualquer d\u00favida, entre em contato conosco atrav\u00e9s do nosso Canal de Atendimento: WhatsApp 21 98356-3866 de segunda a sexta de 10h \u00e0s 17:30h<\/li>\n<\/ul>\n","protected":false},"excerpt":{"rendered":"<p>Torta mousse com base de biscoito, uma camada de brigadeiro branco e mousse de Ninho, finalizado com ganache de chocolate branco e Ninho.<\/p>\n<p>Para deixar ainda mais especial, acompanha calda artesanal de morango.<\/p>\n","protected":false},"featured_media":1688,"comment_status":"open","ping_status":"closed","template":"","meta":[],"_links":{"self":[{"href":"https:\/\/jubroxadocakes.com.br\/index.php\/wp-json\/wp\/v2\/product\/1687"}],"collection":[{"href":"https:\/\/jubroxadocakes.com.br\/index.php\/wp-json\/wp\/v2\/product"}],"about":[{"href":"https:\/\/jubroxadocakes.com.br\/index.php\/wp-json\/wp\/v2\/types\/product"}],"replies":[{"embeddable":true,"href":"https:\/\/jubroxadocakes.com.br\/index.php\/wp-json\/wp\/v2\/comments?post=1687"}],"wp:featuredmedia":[{"embeddable":true,"href":"https:\/\/jubroxadocakes.com.br\/index.php\/wp-json\/wp\/v2\/media\/1688"}],"wp:attachment":[{"href":"https:\/\/jubroxadocakes.com.br\/index.php\/wp-json\/wp\/v2\/media?parent=1687"}],"curies":[{"name":"wp","href":"https:\/\/api.w.org\/{rel}","templated":true}]}}