{"id":1221,"date":"2021-04-12T00:20:31","date_gmt":"2021-04-12T03:20:31","guid":{"rendered":"http:\/\/jubroxadocakes.com.br\/?post_type=product&#038;p=1221"},"modified":"2026-02-02T14:43:31","modified_gmt":"2026-02-02T17:43:31","slug":"mini-naked-9-doces","status":"publish","type":"product","link":"https:\/\/jubroxadocakes.com.br\/index.php\/product\/mini-naked-9-doces\/","title":{"rendered":"Caixa Cartonada com Petit Cake + 9 doces"},"content":{"rendered":"<p>Mini Naked\u00a0 &#8211; atende 4\/5 fatias em m\u00e9dia (10cm de di\u00e2metro) em Caixa Cartonada Verde ou Marfim ( conforme disponibilidade )<\/p>\n<p>Seu pedido pode acompanhar vela simples. Informe no campo \u201cNotas do Pedido\u201d,<\/p>\n<p>Quer enviar um bilhete junto com o presente ? Escreva a mensagem no campo \u201cNotas do Pedido\u201d no final da sua compra.<\/p>\n<p><strong>**Aten\u00e7\u00e3o &#8211; Informa\u00e7\u00f5es Importantes**<\/strong><\/p>\n<ul>\n<li>S\u00f3 ser\u00e3o aceitos pedidos com 3 dias de anteced\u00eancia da retirada\/entrega. Caso precise ser atendimento em prazo menor, fa\u00e7a seu pedido* diretamente pelo WhatsApp 21 98356-3866. *Sujeito a disponibilidade de vagas.<\/li>\n<li>Retiradas na loja de ter\u00e7a a sexta 11h \u00e0s 17:30h. S\u00e1bados de 11h \u00e0s 15:30h. N\u00c3O FUNCIONAMOS EM DOMINGOS e FERIADOS.<\/li>\n<li>Entregas ser\u00e3o realizadas de acordo com a rota. N\u00c3O agendamos hor\u00e1rio.<\/li>\n<li>Entregas em pr\u00e9dios \/ condom\u00ednios ser\u00e3o feitas da portaria. Caso n\u00e3o tenha local onde o entregador parar, o pedido deve ser retirado diretamente do carro.<\/li>\n<li>No momento do fechamento do pedido, caso n\u00e3o disponibilize entrega para o endere\u00e7o informado, entre em contato conosco pelo Whatsapp para verificar disponibilidade de entrega.<\/li>\n<li>Qualquer d\u00favida, entre em contato conosco atrav\u00e9s do nosso Canal de Atendimento: WhatsApp 21 98356-3866 de segunda a sexta de 10h \u00e0s 17:30h<\/li>\n<\/ul>\n","protected":false},"excerpt":{"rendered":"<p>Caixa Cartonada Ju Broxado Cakes com Mini Naked e 9 doces na gaveta ( at\u00e9 3 sabores )<\/p>\n<p>Sabores do Mini Naked:<\/p>\n<ul>\n<li>2 Amores: massa branca, recheado de brigadeiro 50% e brigadeiro branco<\/li>\n<li>Siciliano : massa branca, recheado com brigadeiro de siciliano e doce de leite<\/li>\n<li>Chocolate: massa de Cacau Belga, recheado com brigadeiro de chocolate.<\/li>\n<\/ul>\n","protected":false},"featured_media":2769,"comment_status":"open","ping_status":"closed","template":"","meta":[],"_links":{"self":[{"href":"https:\/\/jubroxadocakes.com.br\/index.php\/wp-json\/wp\/v2\/product\/1221"}],"collection":[{"href":"https:\/\/jubroxadocakes.com.br\/index.php\/wp-json\/wp\/v2\/product"}],"about":[{"href":"https:\/\/jubroxadocakes.com.br\/index.php\/wp-json\/wp\/v2\/types\/product"}],"replies":[{"embeddable":true,"href":"https:\/\/jubroxadocakes.com.br\/index.php\/wp-json\/wp\/v2\/comments?post=1221"}],"wp:featuredmedia":[{"embeddable":true,"href":"https:\/\/jubroxadocakes.com.br\/index.php\/wp-json\/wp\/v2\/media\/2769"}],"wp:attachment":[{"href":"https:\/\/jubroxadocakes.com.br\/index.php\/wp-json\/wp\/v2\/media?parent=1221"}],"curies":[{"name":"wp","href":"https:\/\/api.w.org\/{rel}","templated":true}]}}